{"id":1153,"date":"2022-12-28T12:11:37","date_gmt":"2022-12-28T11:11:37","guid":{"rendered":"https:\/\/labsalliebe.com\/en\/?page_id=1153"},"modified":"2026-03-12T18:15:36","modified_gmt":"2026-03-12T17:15:36","slug":"travel","status":"publish","type":"page","link":"https:\/\/labsalliebe.com\/en\/travel\/","title":{"rendered":"TRAVEL"},"content":{"rendered":"<div id='gallery-1' class='gallery galleryid-1153 gallery-columns-5 gallery-size-thumbnail'><dl class='gallery-item'>\n\t\t\t<dt class='gallery-icon portrait'>\n\t\t\t\t<a href='https:\/\/labsalliebe.com\/en\/gourmet-trip-to-brittany-with-frische-paradies-monkfish-cheeks-in-saffron-sauce\/genussreise-in-die-bretagne-mit-frische-paradies-seeteufelbackchen-in-safransauce-80\/'><img loading=\"lazy\" decoding=\"async\" width=\"150\" height=\"150\" src=\"https:\/\/labsalliebe.com\/en\/wp-content\/uploads\/sites\/2\/2022\/12\/Genussreise-in-die-Bretagne-mit-Frische-Paradies-Seeteufelbackchen-in-Safransauce-84-150x150.jpeg\" class=\"attachment-thumbnail size-thumbnail\" alt=\"Gourmet trip to Brittany with Frische Paradies - Monkfish Cheeks in Saffron Sauce\" srcset=\"https:\/\/labsalliebe.com\/en\/wp-content\/uploads\/sites\/2\/2022\/12\/Genussreise-in-die-Bretagne-mit-Frische-Paradies-Seeteufelbackchen-in-Safransauce-84-150x150.jpeg 150w, https:\/\/labsalliebe.com\/en\/wp-content\/uploads\/sites\/2\/2022\/12\/Genussreise-in-die-Bretagne-mit-Frische-Paradies-Seeteufelbackchen-in-Safransauce-84-500x500.jpeg 500w, https:\/\/labsalliebe.com\/en\/wp-content\/uploads\/sites\/2\/2022\/12\/Genussreise-in-die-Bretagne-mit-Frische-Paradies-Seeteufelbackchen-in-Safransauce-84-120x120.jpeg 120w\" sizes=\"auto, (max-width: 150px) 100vw, 150px\" \/><\/a>\n\t\t\t<\/dt><\/dl><dl class='gallery-item'>\n\t\t\t<dt class='gallery-icon portrait'>\n\t\t\t\t<a href='https:\/\/labsalliebe.com\/en\/gourmet-trip-to-brittany-with-frische-paradies-monkfish-cheeks-in-saffron-sauce\/genussreise-in-die-bretagne-mit-frische-paradies-seeteufelbackchen-in-safransauce-97\/'><img loading=\"lazy\" decoding=\"async\" width=\"150\" height=\"150\" src=\"https:\/\/labsalliebe.com\/en\/wp-content\/uploads\/sites\/2\/2022\/12\/Genussreise-in-die-Bretagne-mit-Frische-Paradies-Seeteufelbackchen-in-Safransauce-88-150x150.jpeg\" class=\"attachment-thumbnail size-thumbnail\" alt=\"Gourmet trip to Brittany with Frische Paradies - Monkfish Cheeks in Saffron Sauce\" srcset=\"https:\/\/labsalliebe.com\/en\/wp-content\/uploads\/sites\/2\/2022\/12\/Genussreise-in-die-Bretagne-mit-Frische-Paradies-Seeteufelbackchen-in-Safransauce-88-150x150.jpeg 150w, https:\/\/labsalliebe.com\/en\/wp-content\/uploads\/sites\/2\/2022\/12\/Genussreise-in-die-Bretagne-mit-Frische-Paradies-Seeteufelbackchen-in-Safransauce-88-500x500.jpeg 500w, https:\/\/labsalliebe.com\/en\/wp-content\/uploads\/sites\/2\/2022\/12\/Genussreise-in-die-Bretagne-mit-Frische-Paradies-Seeteufelbackchen-in-Safransauce-88-120x120.jpeg 120w\" sizes=\"auto, (max-width: 150px) 100vw, 150px\" \/><\/a>\n\t\t\t<\/dt><\/dl><dl class='gallery-item'>\n\t\t\t<dt class='gallery-icon portrait'>\n\t\t\t\t<a href='https:\/\/labsalliebe.com\/en\/gourmet-trip-to-brittany-with-frische-paradies-monkfish-cheeks-in-saffron-sauce\/genussreise-in-die-bretagne-mit-frische-paradies-seeteufelbackchen-in-safransauce-76\/'><img loading=\"lazy\" decoding=\"async\" width=\"150\" height=\"150\" src=\"https:\/\/labsalliebe.com\/en\/wp-content\/uploads\/sites\/2\/2022\/12\/Genussreise-in-die-Bretagne-mit-Frische-Paradies-Seeteufelbackchen-in-Safransauce-67-e1670576049640-150x150.jpeg\" class=\"attachment-thumbnail size-thumbnail\" alt=\"Gourmet trip to Brittany with Frische Paradies - Monkfish Cheeks in Saffron Sauce\" srcset=\"https:\/\/labsalliebe.com\/en\/wp-content\/uploads\/sites\/2\/2022\/12\/Genussreise-in-die-Bretagne-mit-Frische-Paradies-Seeteufelbackchen-in-Safransauce-67-e1670576049640-150x150.jpeg 150w, https:\/\/labsalliebe.com\/en\/wp-content\/uploads\/sites\/2\/2022\/12\/Genussreise-in-die-Bretagne-mit-Frische-Paradies-Seeteufelbackchen-in-Safransauce-67-e1670576049640-500x500.jpeg 500w, https:\/\/labsalliebe.com\/en\/wp-content\/uploads\/sites\/2\/2022\/12\/Genussreise-in-die-Bretagne-mit-Frische-Paradies-Seeteufelbackchen-in-Safransauce-67-e1670576049640-120x120.jpeg 120w\" sizes=\"auto, (max-width: 150px) 100vw, 150px\" \/><\/a>\n\t\t\t<\/dt><\/dl><dl class='gallery-item'>\n\t\t\t<dt class='gallery-icon portrait'>\n\t\t\t\t<a href='https:\/\/labsalliebe.com\/en\/gourmet-trip-to-brittany-with-frische-paradies-monkfish-cheeks-in-saffron-sauce\/genussreise-in-die-bretagne-mit-frische-paradies-seeteufelbackchen-in-safransauce-35\/'><img loading=\"lazy\" decoding=\"async\" width=\"150\" height=\"150\" src=\"https:\/\/labsalliebe.com\/en\/wp-content\/uploads\/sites\/2\/2022\/12\/Genussreise-in-die-Bretagne-mit-Frische-Paradies-Seeteufelbackchen-in-Safransauce-45-150x150.jpeg\" class=\"attachment-thumbnail size-thumbnail\" alt=\"Gourmet trip to Brittany with Frische Paradies - Monkfish Cheeks in Saffron Sauce\" srcset=\"https:\/\/labsalliebe.com\/en\/wp-content\/uploads\/sites\/2\/2022\/12\/Genussreise-in-die-Bretagne-mit-Frische-Paradies-Seeteufelbackchen-in-Safransauce-45-150x150.jpeg 150w, https:\/\/labsalliebe.com\/en\/wp-content\/uploads\/sites\/2\/2022\/12\/Genussreise-in-die-Bretagne-mit-Frische-Paradies-Seeteufelbackchen-in-Safransauce-45-500x500.jpeg 500w, https:\/\/labsalliebe.com\/en\/wp-content\/uploads\/sites\/2\/2022\/12\/Genussreise-in-die-Bretagne-mit-Frische-Paradies-Seeteufelbackchen-in-Safransauce-45-120x120.jpeg 120w\" sizes=\"auto, (max-width: 150px) 100vw, 150px\" \/><\/a>\n\t\t\t<\/dt><\/dl><dl class='gallery-item'>\n\t\t\t<dt class='gallery-icon portrait'>\n\t\t\t\t<a href='https:\/\/labsalliebe.com\/en\/gourmet-trip-to-brittany-with-frische-paradies-monkfish-cheeks-in-saffron-sauce\/genussreise-in-die-bretagne-mit-frische-paradies-seeteufelbackchen-in-safransauce-11\/'><img loading=\"lazy\" decoding=\"async\" width=\"150\" height=\"150\" src=\"https:\/\/labsalliebe.com\/en\/wp-content\/uploads\/sites\/2\/2022\/12\/Genussreise-in-die-Bretagne-mit-Frische-Paradies-Seeteufelbackchen-in-Safransauce-11-e1670508204206-150x150.jpeg\" class=\"attachment-thumbnail size-thumbnail\" alt=\"Gourmet trip to Brittany with Frische Paradies - Monkfish Cheeks in Saffron Sauce\" srcset=\"https:\/\/labsalliebe.com\/en\/wp-content\/uploads\/sites\/2\/2022\/12\/Genussreise-in-die-Bretagne-mit-Frische-Paradies-Seeteufelbackchen-in-Safransauce-11-e1670508204206-150x150.jpeg 150w, https:\/\/labsalliebe.com\/en\/wp-content\/uploads\/sites\/2\/2022\/12\/Genussreise-in-die-Bretagne-mit-Frische-Paradies-Seeteufelbackchen-in-Safransauce-11-e1670508204206-500x500.jpeg 500w, https:\/\/labsalliebe.com\/en\/wp-content\/uploads\/sites\/2\/2022\/12\/Genussreise-in-die-Bretagne-mit-Frische-Paradies-Seeteufelbackchen-in-Safransauce-11-e1670508204206-120x120.jpeg 120w\" sizes=\"auto, (max-width: 150px) 100vw, 150px\" \/><\/a>\n\t\t\t<\/dt><\/dl><br style=\"clear: both\" \/>\n\t\t<\/div>\n\n<h1><span style=\"color: #808080\">FRANCE<\/span><\/h1>\n<ul>\n<li><a href=\"https:\/\/labsalliebe.com\/en\/gourmet-trip-to-brittany-with-frische-paradies-monkfish-cheeks-in-saffron-sauce\/\" rel=\"\"><span style=\"color: #808080\">Gourmet trip to Brittany with Frische Paradies<\/span> <\/a><\/li>\n<\/ul>\n<div id='gallery-2' class='gallery galleryid-1153 gallery-columns-5 gallery-size-thumbnail'><dl class='gallery-item'>\n\t\t\t<dt class='gallery-icon portrait'>\n\t\t\t\t<a href='https:\/\/labsalliebe.com\/en\/rhoihessian-cooking-duel-variations-of-black-salsify-a-la-carl-grunewald\/kochduell-auf-rhoihessisch-zweierlei-von-der-schwarzwurzel-a-la-carl-grunewald-21\/'><img loading=\"lazy\" decoding=\"async\" width=\"150\" height=\"150\" src=\"https:\/\/labsalliebe.com\/en\/wp-content\/uploads\/sites\/2\/2022\/10\/Kochduell-auf-Rhoihessisch-Zweierlei-von-der-Schwarzwurzel-a-la-Carl-Grunewald-29-150x150.jpeg\" class=\"attachment-thumbnail size-thumbnail\" alt=\"Rhoihessian Cooking Duel - Variations of black salsify \u00e1 la Carl Gr\u00fcnewald\" srcset=\"https:\/\/labsalliebe.com\/en\/wp-content\/uploads\/sites\/2\/2022\/10\/Kochduell-auf-Rhoihessisch-Zweierlei-von-der-Schwarzwurzel-a-la-Carl-Grunewald-29-150x150.jpeg 150w, https:\/\/labsalliebe.com\/en\/wp-content\/uploads\/sites\/2\/2022\/10\/Kochduell-auf-Rhoihessisch-Zweierlei-von-der-Schwarzwurzel-a-la-Carl-Grunewald-29-500x500.jpeg 500w, https:\/\/labsalliebe.com\/en\/wp-content\/uploads\/sites\/2\/2022\/10\/Kochduell-auf-Rhoihessisch-Zweierlei-von-der-Schwarzwurzel-a-la-Carl-Grunewald-29-120x120.jpeg 120w, https:\/\/labsalliebe.com\/en\/wp-content\/uploads\/sites\/2\/2022\/10\/Kochduell-auf-Rhoihessisch-Zweierlei-von-der-Schwarzwurzel-a-la-Carl-Grunewald-29-797x800.jpeg 797w\" sizes=\"auto, (max-width: 150px) 100vw, 150px\" \/><\/a>\n\t\t\t<\/dt><\/dl><dl class='gallery-item'>\n\t\t\t<dt class='gallery-icon portrait'>\n\t\t\t\t<a href='https:\/\/labsalliebe.com\/en\/wellness-wine-and-gourmet-trip-bad-krozingen\/wellness-wein-und-genussreise-bad-krozingen-40\/'><img loading=\"lazy\" decoding=\"async\" width=\"150\" height=\"150\" src=\"https:\/\/labsalliebe.com\/en\/wp-content\/uploads\/sites\/2\/2022\/07\/Wellness-Wein-und-Genussreise-Bad-Krozingen-38-150x150.jpeg\" class=\"attachment-thumbnail size-thumbnail\" alt=\"Wellness, Wein und Genussreise Bad Krozingen\" srcset=\"https:\/\/labsalliebe.com\/en\/wp-content\/uploads\/sites\/2\/2022\/07\/Wellness-Wein-und-Genussreise-Bad-Krozingen-38-150x150.jpeg 150w, https:\/\/labsalliebe.com\/en\/wp-content\/uploads\/sites\/2\/2022\/07\/Wellness-Wein-und-Genussreise-Bad-Krozingen-38-500x500.jpeg 500w, https:\/\/labsalliebe.com\/en\/wp-content\/uploads\/sites\/2\/2022\/07\/Wellness-Wein-und-Genussreise-Bad-Krozingen-38-120x120.jpeg 120w\" sizes=\"auto, (max-width: 150px) 100vw, 150px\" \/><\/a>\n\t\t\t<\/dt><\/dl><dl class='gallery-item'>\n\t\t\t<dt class='gallery-icon portrait'>\n\t\t\t\t<a href='https:\/\/labsalliebe.com\/en\/wellness-wine-and-gourmet-trip-bad-krozingen\/wellness-wein-und-genussreise-bad-krozingen-43\/'><img loading=\"lazy\" decoding=\"async\" width=\"150\" height=\"150\" src=\"https:\/\/labsalliebe.com\/en\/wp-content\/uploads\/sites\/2\/2022\/07\/Wellness-Wein-und-Genussreise-Bad-Krozingen-35-150x150.jpeg\" class=\"attachment-thumbnail size-thumbnail\" alt=\"Wellness, Wein und Genussreise Bad Krozingen\" srcset=\"https:\/\/labsalliebe.com\/en\/wp-content\/uploads\/sites\/2\/2022\/07\/Wellness-Wein-und-Genussreise-Bad-Krozingen-35-150x150.jpeg 150w, https:\/\/labsalliebe.com\/en\/wp-content\/uploads\/sites\/2\/2022\/07\/Wellness-Wein-und-Genussreise-Bad-Krozingen-35-500x500.jpeg 500w, https:\/\/labsalliebe.com\/en\/wp-content\/uploads\/sites\/2\/2022\/07\/Wellness-Wein-und-Genussreise-Bad-Krozingen-35-120x120.jpeg 120w\" sizes=\"auto, (max-width: 150px) 100vw, 150px\" \/><\/a>\n\t\t\t<\/dt><\/dl><dl class='gallery-item'>\n\t\t\t<dt class='gallery-icon portrait'>\n\t\t\t\t<a href='https:\/\/labsalliebe.com\/en\/road-trip-along-the-german-apple-wine-route-route-du-appler\/alles-aus-apfel-unterwegs-auf-der-route-du-appler-72\/'><img loading=\"lazy\" decoding=\"async\" width=\"150\" height=\"150\" src=\"https:\/\/labsalliebe.com\/en\/wp-content\/uploads\/sites\/2\/2022\/06\/Alles-aus-Apfel-\u2013-Unterwegs-auf-der-Route-du-Appler-70-150x150.jpeg\" class=\"attachment-thumbnail size-thumbnail\" alt=\"Road Trip along the German apple wine route &quot;Route du \u00c4ppler&quot;\" srcset=\"https:\/\/labsalliebe.com\/en\/wp-content\/uploads\/sites\/2\/2022\/06\/Alles-aus-Apfel-\u2013-Unterwegs-auf-der-Route-du-Appler-70-150x150.jpeg 150w, https:\/\/labsalliebe.com\/en\/wp-content\/uploads\/sites\/2\/2022\/06\/Alles-aus-Apfel-\u2013-Unterwegs-auf-der-Route-du-Appler-70-500x500.jpeg 500w, https:\/\/labsalliebe.com\/en\/wp-content\/uploads\/sites\/2\/2022\/06\/Alles-aus-Apfel-\u2013-Unterwegs-auf-der-Route-du-Appler-70-120x120.jpeg 120w\" sizes=\"auto, (max-width: 150px) 100vw, 150px\" \/><\/a>\n\t\t\t<\/dt><\/dl><dl class='gallery-item'>\n\t\t\t<dt class='gallery-icon portrait'>\n\t\t\t\t<a href='https:\/\/labsalliebe.com\/en\/road-trip-along-the-german-apple-wine-route-route-du-appler\/alles-aus-apfel-unterwegs-auf-der-route-du-appler-32\/'><img loading=\"lazy\" decoding=\"async\" width=\"150\" height=\"150\" src=\"https:\/\/labsalliebe.com\/en\/wp-content\/uploads\/sites\/2\/2022\/06\/Alles-aus-Apfel-\u2013-Unterwegs-auf-der-Route-du-Appler-28-150x150.jpeg\" class=\"attachment-thumbnail size-thumbnail\" alt=\"Road Trip along the German apple wine route &quot;Route du \u00c4ppler&quot;\" srcset=\"https:\/\/labsalliebe.com\/en\/wp-content\/uploads\/sites\/2\/2022\/06\/Alles-aus-Apfel-\u2013-Unterwegs-auf-der-Route-du-Appler-28-150x150.jpeg 150w, https:\/\/labsalliebe.com\/en\/wp-content\/uploads\/sites\/2\/2022\/06\/Alles-aus-Apfel-\u2013-Unterwegs-auf-der-Route-du-Appler-28-500x500.jpeg 500w, https:\/\/labsalliebe.com\/en\/wp-content\/uploads\/sites\/2\/2022\/06\/Alles-aus-Apfel-\u2013-Unterwegs-auf-der-Route-du-Appler-28-120x120.jpeg 120w\" sizes=\"auto, (max-width: 150px) 100vw, 150px\" \/><\/a>\n\t\t\t<\/dt><\/dl><br style=\"clear: both\" \/>\n\t\t<\/div>\n\n<h1><span style=\"color: #808080\">GERMANY<\/span><\/h1>\n<h2><span style=\"color: #808080\">BLACK FOREST<\/span><\/h2>\n<ul>\n<li><span style=\"color: #808080\"><a style=\"color: #808080\" href=\"https:\/\/labsalliebe.com\/en\/wellness-wine-and-gourmet-trip-bad-krozingen\/\" rel=\"\">Wellness, Wine and Gourmet Trip Bad Krozingen<\/a><\/span><\/li>\n<\/ul>\n<h2><span style=\"color: #808080\">DARMSTADT\u00a0<\/span><\/h2>\n<ul>\n<li><span style=\"color: #808080\"><a style=\"color: #808080\" href=\"https:\/\/labsalliebe.com\/en\/mi-peru-peruvian-food-in-darmstadt\/\">Mi Peru \u2013 Peruvian Food in Darmstadt<\/a><\/span><\/li>\n<\/ul>\n<h2><span style=\"color: #808080\">FRANKFURT\u00a0<\/span><\/h2>\n<ul>\n<li><span style=\"color: #808080\"><a style=\"color: #808080\" href=\"https:\/\/labsalliebe.com\/en\/finest-tuna-pure-delight-at-frischeparadies\/\">Finest Tuna &amp; pure Delight at FrischeParadies<\/a><\/span><\/li>\n<li><span style=\"color: #808080\"><a style=\"color: #808080\" href=\"https:\/\/labsalliebe.com\/en\/italian-michelin-star-cuisine-at-carmelo-greco-in-frankfurt\/\">Italian Michelin Star Cuisine at Carmelo Greco in Frankfurt<\/a><\/span><\/li>\n<li><span style=\"color: #808080\"><a style=\"color: #808080\" href=\"https:\/\/labsalliebe.com\/en\/restaurant-lafleur-hosts-sterne-uber-frankfurt-press-dinner\/\">Restaurant Lafleur hosts \u201cSterne \u00fcber Frankfurt\u201d Press Dinner<\/a><\/span><\/li>\n<li><span style=\"color: #808080\"><a style=\"color: #808080\" href=\"https:\/\/labsalliebe.com\/en\/six-hands-dinner-top-chefs-celebrate-label-rouge-salmon\/\">Six-Hands Dinner \u2013 Top Chefs Celebrate Label Rouge Salmon<\/a><\/span><\/li>\n<\/ul>\n<h2><span style=\"color: #808080\">MUNICH\u00a0<\/span><\/h2>\n<ul>\n<li><span style=\"color: #808080\"><a style=\"color: #808080\" href=\"https:\/\/labsalliebe.com\/en\/my-must-visit-places-in-munich\/\">My Must-Visit Places in Munich<\/a><\/span><\/li>\n<\/ul>\n<h2><span style=\"color: #808080\">ODENWALD\u00a0<\/span><\/h2>\n<ul>\n<li><span style=\"color: #808080\"><a style=\"color: #808080\" href=\"https:\/\/labsalliebe.com\/en\/road-trip-along-the-german-apple-wine-route-route-du-appler\/\" rel=\"\">Road Trip along the German apple wine route &#8220;Route du \u00c4ppler&#8221;<\/a><\/span><\/li>\n<\/ul>\n<h2><span style=\"color: #808080\">RHEINGAU<\/span><\/h2>\n<ul>\n<li><span style=\"color: #808080\"><a style=\"color: #808080\" href=\"https:\/\/labsalliebe.com\/en\/gourmet-lunch-with-star-chef-toni-morwald-at-the-rheingau-gourmet-wine-festival\/\">Gourmet Lunch with Star Chef Toni M\u00f6rwald at the Rheingau Gourmet &amp; Wine Festival<\/a><\/span><\/li>\n<li><span style=\"color: #808080\"><a style=\"color: #808080\" href=\"https:\/\/labsalliebe.com\/en\/rheingau-gourmet-festival-franconian-lunch-with-kuno-1408-from-wurzburg\/\">Rheingau Gourmet Festival \u2013 \u201cFranconian Lunch\u201d with KUNO 1408 from W\u00fcrzburg<\/a><\/span><\/li>\n<li><span style=\"color: #808080\"><a style=\"color: #808080\" href=\"https:\/\/labsalliebe.com\/en\/unforgettable-day-at-the-rheingau-gourmet-wine-festival\/\">Unforgettable Day at the Rheingau Gourmet &amp; Wine Festival<\/a><\/span><\/li>\n<\/ul>\n<h2><span style=\"color: #808080\">RHEINHESSEN<\/span><\/h2>\n<ul>\n<li><a href=\"https:\/\/labsalliebe.com\/en\/rhoihessian-cooking-duel-variations-of-black-salsify-a-la-carl-grunewald\/\" rel=\"\"><span style=\"color: #808080\">Rhoihessian Cooking Duel &#8211; Variations of black salsify \u00e1 la Carl Gr\u00fcnewald<\/span><\/a><\/li>\n<li><span style=\"color: #808080\"><a style=\"color: #808080\" href=\"https:\/\/labsalliebe.com\/en\/road-trip-along-the-german-apple-wine-route-route-du-appler\/\" rel=\"\">Road Trip along the German apple wine route &#8220;Route du \u00c4ppler&#8221;<\/a><\/span><\/li>\n<\/ul>\n<h2><span style=\"color: #808080\">TAUNUS\u00a0<\/span><\/h2>\n<ul>\n<li><span style=\"color: #808080\"><a style=\"color: #808080\" href=\"https:\/\/labsalliebe.com\/en\/lowenherz-private-brewery-tegernsee-vibes-with-a-taunus-twist\/\">L\u00f6wenherz Private Brewery \u2013 Tegernsee vibes with a Taunus twist!<\/a><\/span><\/li>\n<\/ul>\n<h1><span style=\"color: #808080\">GREAT BRITAIN<\/span><\/h1>\n<ul>\n<li><span style=\"color: #808080\"><a style=\"color: #808080\" href=\"https:\/\/labsalliebe.com\/en\/haggis-scotch-eggs-and-with-barefoot-wine-to-london\/\">Haggis Scotch Eggs and with Barefoot Wine to London<\/a><\/span><\/li>\n<\/ul>\n<h1><span style=\"color: #808080\">ITALY<\/span><\/h1>\n<ul>\n<li><span style=\"color: #808080\"><a style=\"color: #808080\" href=\"https:\/\/labsalliebe.com\/en\/tasting-campania-from-naples-to-paestum-on-the-mediterranean-diet-trail\/\">Tasting Campania \u2013 From Naples to Paestum on the Mediterranean Diet Trail<\/a><\/span><\/li>\n<\/ul>\n<p>&nbsp;<\/p>\n","protected":false},"excerpt":{"rendered":"<p>FRANCE Gourmet trip to Brittany with Frische Paradies GERMANY BLACK FOREST Wellness, Wine and Gourmet Trip Bad Krozingen DARMSTADT\u00a0 Mi Peru \u2013 Peruvian Food in Darmstadt FRANKFURT\u00a0 Finest Tuna &amp; pure Delight at FrischeParadies Italian Michelin Star Cuisine at Carmelo Greco in Frankfurt Restaurant Lafleur hosts \u201cSterne \u00fcber Frankfurt\u201d Press Dinner Six-Hands Dinner \u2013 Top Chefs Celebrate Label Rouge Salmon MUNICH\u00a0 My Must-Visit Places in Munich ODENWALD\u00a0 Road Trip along the German apple wine route &#8220;Route du \u00c4ppler&#8221; RHEINGAU Gourmet Lunch with Star Chef Toni M\u00f6rwald at the Rheingau Gourmet &amp; Wine Festival Rheingau Gourmet Festival \u2013 \u201cFranconian Lunch\u201d with KUNO 1408 from W\u00fcrzburg Unforgettable Day at the Rheingau Gourmet &amp; Wine Festival RHEINHESSEN Rhoihessian Cooking Duel &#8211; Variations of black salsify \u00e1 la Carl Gr\u00fcnewald Road Trip along the German apple wine route &#8220;Route du \u00c4ppler&#8221; TAUNUS\u00a0 L\u00f6wenherz Private Brewery \u2013 Tegernsee vibes with a Taunus twist! GREAT BRITAIN Haggis Scotch Eggs and with Barefoot Wine to London ITALY Tasting Campania \u2013 From Naples to Paestum on the Mediterranean Diet Trail &nbsp;<\/p>\n","protected":false},"author":2,"featured_media":0,"parent":0,"menu_order":0,"comment_status":"closed","ping_status":"closed","template":"","meta":{"wprm-recipe-roundup-name":"","wprm-recipe-roundup-description":"","_trash_the_other_posts":false,"_monsterinsights_skip_tracking":false,"_monsterinsights_sitenote_active":false,"_monsterinsights_sitenote_note":"","_monsterinsights_sitenote_category":0,"editor_notices":[],"footnotes":""},"class_list":["post-1153","page","type-page","status-publish","hentry"],"yoast_head":"<!-- This site is optimized with the Yoast SEO plugin v27.2 - https:\/\/yoast.com\/product\/yoast-seo-wordpress\/ -->\n<title>TRAVEL - Labsalliebe<\/title>\n<meta name=\"description\" content=\"Find my personal travel stories and vacation recommendations with great insider tips. Have fun dreaming away!\" \/>\n<meta name=\"robots\" content=\"index, follow, max-snippet:-1, max-image-preview:large, max-video-preview:-1\" \/>\n<link rel=\"canonical\" href=\"https:\/\/labsalliebe.com\/en\/travel\/\" \/>\n<meta property=\"og:locale\" content=\"en_US\" \/>\n<meta property=\"og:type\" content=\"article\" \/>\n<meta property=\"og:title\" content=\"TRAVEL - Labsalliebe\" \/>\n<meta property=\"og:description\" content=\"Find my personal travel stories and vacation recommendations with great insider tips. Have fun dreaming away!\" \/>\n<meta property=\"og:url\" content=\"https:\/\/labsalliebe.com\/en\/travel\/\" \/>\n<meta property=\"og:site_name\" content=\"Labsalliebe\" \/>\n<meta property=\"article:modified_time\" content=\"2026-03-12T17:15:36+00:00\" \/>\n<meta property=\"og:image\" content=\"https:\/\/labsalliebe.com\/en\/wp-content\/uploads\/sites\/2\/2022\/12\/Genussreise-in-die-Bretagne-mit-Frische-Paradies-Seeteufelbackchen-in-Safransauce-84-150x150.jpeg\" \/>\n<meta name=\"twitter:card\" content=\"summary_large_image\" \/>\n<meta name=\"twitter:label1\" content=\"Est. reading time\" \/>\n\t<meta name=\"twitter:data1\" content=\"1 minute\" \/>\n<script type=\"application\/ld+json\" class=\"yoast-schema-graph\">{\"@context\":\"https:\/\/schema.org\",\"@graph\":[{\"@type\":\"WebPage\",\"@id\":\"https:\/\/labsalliebe.com\/en\/travel\/\",\"url\":\"https:\/\/labsalliebe.com\/en\/travel\/\",\"name\":\"TRAVEL - Labsalliebe\",\"isPartOf\":{\"@id\":\"https:\/\/labsalliebe.com\/en\/#website\"},\"datePublished\":\"2022-12-28T11:11:37+00:00\",\"dateModified\":\"2026-03-12T17:15:36+00:00\",\"description\":\"Find my personal travel stories and vacation recommendations with great insider tips. Have fun dreaming away!\",\"breadcrumb\":{\"@id\":\"https:\/\/labsalliebe.com\/en\/travel\/#breadcrumb\"},\"inLanguage\":\"en-US\",\"potentialAction\":[{\"@type\":\"ReadAction\",\"target\":[\"https:\/\/labsalliebe.com\/en\/travel\/\"]}]},{\"@type\":\"BreadcrumbList\",\"@id\":\"https:\/\/labsalliebe.com\/en\/travel\/#breadcrumb\",\"itemListElement\":[{\"@type\":\"ListItem\",\"position\":1,\"name\":\"Startseite\",\"item\":\"https:\/\/labsalliebe.com\/en\/\"},{\"@type\":\"ListItem\",\"position\":2,\"name\":\"TRAVEL\"}]},{\"@type\":\"WebSite\",\"@id\":\"https:\/\/labsalliebe.com\/en\/#website\",\"url\":\"https:\/\/labsalliebe.com\/en\/\",\"name\":\"Labsalliebe\",\"description\":\"Food &amp; Lifestyleblog\",\"publisher\":{\"@id\":\"https:\/\/labsalliebe.com\/en\/#\/schema\/person\/2a151a4e86059b6a51f302b6a33a2f06\"},\"potentialAction\":[{\"@type\":\"SearchAction\",\"target\":{\"@type\":\"EntryPoint\",\"urlTemplate\":\"https:\/\/labsalliebe.com\/en\/?s={search_term_string}\"},\"query-input\":{\"@type\":\"PropertyValueSpecification\",\"valueRequired\":true,\"valueName\":\"search_term_string\"}}],\"inLanguage\":\"en-US\"},{\"@type\":[\"Person\",\"Organization\"],\"@id\":\"https:\/\/labsalliebe.com\/en\/#\/schema\/person\/2a151a4e86059b6a51f302b6a33a2f06\",\"name\":\"susann\",\"image\":{\"@type\":\"ImageObject\",\"inLanguage\":\"en-US\",\"@id\":\"https:\/\/labsalliebe.com\/en\/wp-content\/uploads\/sites\/2\/2022\/09\/cropped-labsalliebe-logo2020.jpg\",\"url\":\"https:\/\/labsalliebe.com\/en\/wp-content\/uploads\/sites\/2\/2022\/09\/cropped-labsalliebe-logo2020.jpg\",\"contentUrl\":\"https:\/\/labsalliebe.com\/en\/wp-content\/uploads\/sites\/2\/2022\/09\/cropped-labsalliebe-logo2020.jpg\",\"width\":190,\"height\":142,\"caption\":\"susann\"},\"logo\":{\"@id\":\"https:\/\/labsalliebe.com\/en\/wp-content\/uploads\/sites\/2\/2022\/09\/cropped-labsalliebe-logo2020.jpg\"}}]}<\/script>\n<!-- \/ Yoast SEO plugin. -->","yoast_head_json":{"title":"TRAVEL - Labsalliebe","description":"Find my personal travel stories and vacation recommendations with great insider tips. Have fun dreaming away!","robots":{"index":"index","follow":"follow","max-snippet":"max-snippet:-1","max-image-preview":"max-image-preview:large","max-video-preview":"max-video-preview:-1"},"canonical":"https:\/\/labsalliebe.com\/en\/travel\/","og_locale":"en_US","og_type":"article","og_title":"TRAVEL - Labsalliebe","og_description":"Find my personal travel stories and vacation recommendations with great insider tips. Have fun dreaming away!","og_url":"https:\/\/labsalliebe.com\/en\/travel\/","og_site_name":"Labsalliebe","article_modified_time":"2026-03-12T17:15:36+00:00","og_image":[{"url":"https:\/\/labsalliebe.com\/en\/wp-content\/uploads\/sites\/2\/2022\/12\/Genussreise-in-die-Bretagne-mit-Frische-Paradies-Seeteufelbackchen-in-Safransauce-84-150x150.jpeg","type":"","width":"","height":""}],"twitter_card":"summary_large_image","twitter_misc":{"Est. reading time":"1 minute"},"schema":{"@context":"https:\/\/schema.org","@graph":[{"@type":"WebPage","@id":"https:\/\/labsalliebe.com\/en\/travel\/","url":"https:\/\/labsalliebe.com\/en\/travel\/","name":"TRAVEL - Labsalliebe","isPartOf":{"@id":"https:\/\/labsalliebe.com\/en\/#website"},"datePublished":"2022-12-28T11:11:37+00:00","dateModified":"2026-03-12T17:15:36+00:00","description":"Find my personal travel stories and vacation recommendations with great insider tips. Have fun dreaming away!","breadcrumb":{"@id":"https:\/\/labsalliebe.com\/en\/travel\/#breadcrumb"},"inLanguage":"en-US","potentialAction":[{"@type":"ReadAction","target":["https:\/\/labsalliebe.com\/en\/travel\/"]}]},{"@type":"BreadcrumbList","@id":"https:\/\/labsalliebe.com\/en\/travel\/#breadcrumb","itemListElement":[{"@type":"ListItem","position":1,"name":"Startseite","item":"https:\/\/labsalliebe.com\/en\/"},{"@type":"ListItem","position":2,"name":"TRAVEL"}]},{"@type":"WebSite","@id":"https:\/\/labsalliebe.com\/en\/#website","url":"https:\/\/labsalliebe.com\/en\/","name":"Labsalliebe","description":"Food &amp; Lifestyleblog","publisher":{"@id":"https:\/\/labsalliebe.com\/en\/#\/schema\/person\/2a151a4e86059b6a51f302b6a33a2f06"},"potentialAction":[{"@type":"SearchAction","target":{"@type":"EntryPoint","urlTemplate":"https:\/\/labsalliebe.com\/en\/?s={search_term_string}"},"query-input":{"@type":"PropertyValueSpecification","valueRequired":true,"valueName":"search_term_string"}}],"inLanguage":"en-US"},{"@type":["Person","Organization"],"@id":"https:\/\/labsalliebe.com\/en\/#\/schema\/person\/2a151a4e86059b6a51f302b6a33a2f06","name":"susann","image":{"@type":"ImageObject","inLanguage":"en-US","@id":"https:\/\/labsalliebe.com\/en\/wp-content\/uploads\/sites\/2\/2022\/09\/cropped-labsalliebe-logo2020.jpg","url":"https:\/\/labsalliebe.com\/en\/wp-content\/uploads\/sites\/2\/2022\/09\/cropped-labsalliebe-logo2020.jpg","contentUrl":"https:\/\/labsalliebe.com\/en\/wp-content\/uploads\/sites\/2\/2022\/09\/cropped-labsalliebe-logo2020.jpg","width":190,"height":142,"caption":"susann"},"logo":{"@id":"https:\/\/labsalliebe.com\/en\/wp-content\/uploads\/sites\/2\/2022\/09\/cropped-labsalliebe-logo2020.jpg"}}]}},"_links":{"self":[{"href":"https:\/\/labsalliebe.com\/en\/wp-json\/wp\/v2\/pages\/1153","targetHints":{"allow":["GET"]}}],"collection":[{"href":"https:\/\/labsalliebe.com\/en\/wp-json\/wp\/v2\/pages"}],"about":[{"href":"https:\/\/labsalliebe.com\/en\/wp-json\/wp\/v2\/types\/page"}],"author":[{"embeddable":true,"href":"https:\/\/labsalliebe.com\/en\/wp-json\/wp\/v2\/users\/2"}],"replies":[{"embeddable":true,"href":"https:\/\/labsalliebe.com\/en\/wp-json\/wp\/v2\/comments?post=1153"}],"version-history":[{"count":0,"href":"https:\/\/labsalliebe.com\/en\/wp-json\/wp\/v2\/pages\/1153\/revisions"}],"wp:attachment":[{"href":"https:\/\/labsalliebe.com\/en\/wp-json\/wp\/v2\/media?parent=1153"}],"curies":[{"name":"wp","href":"https:\/\/api.w.org\/{rel}","templated":true}]}}